{"id":196,"date":"2020-09-25T13:36:19","date_gmt":"2020-09-25T13:36:19","guid":{"rendered":"https:\/\/linnelvkull.se\/?page_id=196"},"modified":"2021-12-15T11:12:25","modified_gmt":"2021-12-15T11:12:25","slug":"lektioner","status":"publish","type":"page","link":"https:\/\/linnelvkull.se\/?page_id=196","title":{"rendered":"Videolektioner"},"content":{"rendered":"\t\t<div data-elementor-type=\"wp-page\" data-elementor-id=\"196\" class=\"elementor elementor-196\" data-elementor-settings=\"[]\">\n\t\t\t\t\t\t<div class=\"elementor-inner\">\n\t\t\t\t\t\t\t<div class=\"elementor-section-wrap\">\n\t\t\t\t\t\t\t<section class=\"elementor-section elementor-top-section elementor-element elementor-element-23d3bd7 elementor-section-content-top elementor-section-stretched elementor-section-boxed elementor-section-height-default elementor-section-height-default\" data-id=\"23d3bd7\" data-element_type=\"section\" data-settings=\"{&quot;stretch_section&quot;:&quot;section-stretched&quot;,&quot;background_background&quot;:&quot;classic&quot;}\">\n\t\t\t\t\t\t<div class=\"elementor-container elementor-column-gap-no\">\n\t\t\t\t\t\t\t<div class=\"elementor-row\">\n\t\t\t\t\t<div class=\"elementor-column elementor-col-100 elementor-top-column elementor-element elementor-element-ed9830f\" data-id=\"ed9830f\" data-element_type=\"column\">\n\t\t\t<div class=\"elementor-column-wrap elementor-element-populated\">\n\t\t\t\t\t\t\t<div class=\"elementor-widget-wrap\">\n\t\t\t\t\t\t<section class=\"elementor-section elementor-inner-section elementor-element elementor-element-0a416e6 elementor-section-height-min-height elementor-section-content-space-around meny elementor-section-boxed elementor-section-height-default\" data-id=\"0a416e6\" data-element_type=\"section\">\n\t\t\t\t\t\t\t<div class=\"elementor-background-overlay\"><\/div>\n\t\t\t\t\t\t\t<div class=\"elementor-container elementor-column-gap-default\">\n\t\t\t\t\t\t\t<div class=\"elementor-row\">\n\t\t\t\t\t<div class=\"elementor-column elementor-col-25 elementor-inner-column elementor-element elementor-element-c8b8e11\" data-id=\"c8b8e11\" data-element_type=\"column\">\n\t\t\t<div class=\"elementor-column-wrap elementor-element-populated\">\n\t\t\t\t\t\t\t<div class=\"elementor-widget-wrap\">\n\t\t\t\t\t\t<div class=\"elementor-element elementor-element-aa57b32 elementor-widget elementor-widget-heading\" data-id=\"aa57b32\" data-element_type=\"widget\" data-widget_type=\"heading.default\">\n\t\t\t\t<div class=\"elementor-widget-container\">\n\t\t\t<h2 class=\"elementor-heading-title elementor-size-default\"><a href=\"https:\/\/linnelvkull.se\/?page_id=208\">OM<\/a><\/h2>\t\t<\/div>\n\t\t\t\t<\/div>\n\t\t\t\t\t\t<\/div>\n\t\t\t\t\t<\/div>\n\t\t<\/div>\n\t\t\t\t<div class=\"elementor-column elementor-col-25 elementor-inner-column elementor-element elementor-element-ee9db34\" data-id=\"ee9db34\" data-element_type=\"column\">\n\t\t\t<div class=\"elementor-column-wrap elementor-element-populated\">\n\t\t\t\t\t\t\t<div class=\"elementor-widget-wrap\">\n\t\t\t\t\t\t<div class=\"elementor-element elementor-element-b4224d1 elementor-widget elementor-widget-heading\" data-id=\"b4224d1\" data-element_type=\"widget\" data-widget_type=\"heading.default\">\n\t\t\t\t<div class=\"elementor-widget-container\">\n\t\t\t<h2 class=\"elementor-heading-title elementor-size-default\"><a href=\"https:\/\/linnelvkull.se\/?page_id=22\">NOTER & INSPELNINGAR<\/a><\/h2>\t\t<\/div>\n\t\t\t\t<\/div>\n\t\t\t\t\t\t<\/div>\n\t\t\t\t\t<\/div>\n\t\t<\/div>\n\t\t\t\t<div class=\"elementor-column elementor-col-25 elementor-inner-column elementor-element elementor-element-49c3970\" data-id=\"49c3970\" data-element_type=\"column\">\n\t\t\t<div class=\"elementor-column-wrap elementor-element-populated\">\n\t\t\t\t\t\t\t<div class=\"elementor-widget-wrap\">\n\t\t\t\t\t\t<div class=\"elementor-element elementor-element-9811792 elementor-widget elementor-widget-heading\" data-id=\"9811792\" data-element_type=\"widget\" data-widget_type=\"heading.default\">\n\t\t\t\t<div class=\"elementor-widget-container\">\n\t\t\t<h2 class=\"elementor-heading-title elementor-size-default\"><a href=\"https:\/\/linnelvkull.se\/?page_id=196\">LEKTIONER<\/a><\/h2>\t\t<\/div>\n\t\t\t\t<\/div>\n\t\t\t\t\t\t<\/div>\n\t\t\t\t\t<\/div>\n\t\t<\/div>\n\t\t\t\t<div class=\"elementor-column elementor-col-25 elementor-inner-column elementor-element elementor-element-a44e513\" data-id=\"a44e513\" data-element_type=\"column\">\n\t\t\t<div class=\"elementor-column-wrap elementor-element-populated\">\n\t\t\t\t\t\t\t<div class=\"elementor-widget-wrap\">\n\t\t\t\t\t\t<div class=\"elementor-element elementor-element-8fe91fd elementor-widget elementor-widget-heading\" data-id=\"8fe91fd\" data-element_type=\"widget\" data-widget_type=\"heading.default\">\n\t\t\t\t<div class=\"elementor-widget-container\">\n\t\t\t<h2 class=\"elementor-heading-title elementor-size-default\"><a href=\"https:\/\/linnelvkull.se\/?page_id=193\">F\u00d6REL\u00c4SNINGAR<\/a><\/h2>\t\t<\/div>\n\t\t\t\t<\/div>\n\t\t\t\t\t\t<\/div>\n\t\t\t\t\t<\/div>\n\t\t<\/div>\n\t\t\t\t\t\t\t\t<\/div>\n\t\t\t\t\t<\/div>\n\t\t<\/section>\n\t\t\t\t<section class=\"elementor-section elementor-inner-section elementor-element elementor-element-8108d63 elementor-reverse-mobile elementor-section-boxed elementor-section-height-default elementor-section-height-default\" data-id=\"8108d63\" data-element_type=\"section\">\n\t\t\t\t\t\t<div class=\"elementor-container elementor-column-gap-extended\">\n\t\t\t\t\t\t\t<div class=\"elementor-row\">\n\t\t\t\t\t<div class=\"elementor-column elementor-col-50 elementor-inner-column elementor-element elementor-element-8b05012\" data-id=\"8b05012\" data-element_type=\"column\">\n\t\t\t<div class=\"elementor-column-wrap elementor-element-populated\">\n\t\t\t\t\t\t\t<div class=\"elementor-widget-wrap\">\n\t\t\t\t\t\t<div class=\"elementor-element elementor-element-2c2ea77 elementor-hidden-phone elementor-widget elementor-widget-spacer\" data-id=\"2c2ea77\" data-element_type=\"widget\" data-widget_type=\"spacer.default\">\n\t\t\t\t<div class=\"elementor-widget-container\">\n\t\t\t\t\t<div class=\"elementor-spacer\">\n\t\t\t<div class=\"elementor-spacer-inner\"><\/div>\n\t\t<\/div>\n\t\t\t\t<\/div>\n\t\t\t\t<\/div>\n\t\t\t\t<div class=\"elementor-element elementor-element-0b72029 elementor-widget elementor-widget-heading\" data-id=\"0b72029\" data-element_type=\"widget\" data-widget_type=\"heading.default\">\n\t\t\t\t<div class=\"elementor-widget-container\">\n\t\t\t<h2 class=\"elementor-heading-title elementor-size-default\">LEKTIONER<\/h2>\t\t<\/div>\n\t\t\t\t<\/div>\n\t\t\t\t<div class=\"elementor-element elementor-element-2cb7918 elementor-widget__width-initial elementor-widget elementor-widget-text-editor\" data-id=\"2cb7918\" data-element_type=\"widget\" data-widget_type=\"text-editor.default\">\n\t\t\t\t<div class=\"elementor-widget-container\">\n\t\t\t\t\t<div class=\"elementor-text-editor elementor-clearfix\"><p>F\u00f6r mig \u00e4r det oerh\u00f6rt viktigt att hitta en bra klang i instrumentet. Att bli medveten om VAR den klangen finns och HUR jag producerar den.\u00a0\u00a0<\/p><p>Jag vill g\u00e4rna visa ett par exempel p\u00e5 hur man kan jobba med klangen p\u00e5 violan s\u00e5 att man f\u00e5r fram den djupa, s\u00e4regna tonen som k\u00e4nnetecknar detta vackra instrument.<\/p><p><em>\u00a0Ur\u00a0 &#8220;12 tips f\u00f6r att bli en b\u00e4ttre altviolinist&#8221; av Linn Elvkull<\/em><\/p><p style=\"text-align: justify;\">\u00a0<\/p><\/div>\n\t\t\t\t<\/div>\n\t\t\t\t<\/div>\n\t\t\t\t\t\t<\/div>\n\t\t\t\t\t<\/div>\n\t\t<\/div>\n\t\t\t\t<div class=\"elementor-column elementor-col-50 elementor-inner-column elementor-element elementor-element-fe05cbe\" data-id=\"fe05cbe\" data-element_type=\"column\">\n\t\t\t<div class=\"elementor-column-wrap elementor-element-populated\">\n\t\t\t\t\t\t\t<div class=\"elementor-widget-wrap\">\n\t\t\t\t\t\t<div class=\"elementor-element elementor-element-fd89959 elementor-widget elementor-widget-spacer\" data-id=\"fd89959\" data-element_type=\"widget\" data-widget_type=\"spacer.default\">\n\t\t\t\t<div class=\"elementor-widget-container\">\n\t\t\t\t\t<div class=\"elementor-spacer\">\n\t\t\t<div class=\"elementor-spacer-inner\"><\/div>\n\t\t<\/div>\n\t\t\t\t<\/div>\n\t\t\t\t<\/div>\n\t\t\t\t<div class=\"elementor-element elementor-element-dab675b elementor-widget elementor-widget-heading\" data-id=\"dab675b\" data-element_type=\"widget\" data-widget_type=\"heading.default\">\n\t\t\t\t<div class=\"elementor-widget-container\">\n\t\t\t<h2 class=\"elementor-heading-title elementor-size-default\">LESSONS<\/h2>\t\t<\/div>\n\t\t\t\t<\/div>\n\t\t\t\t<div class=\"elementor-element elementor-element-665aaf4 elementor-widget__width-initial elementor-widget elementor-widget-text-editor\" data-id=\"665aaf4\" data-element_type=\"widget\" data-widget_type=\"text-editor.default\">\n\t\t\t\t<div class=\"elementor-widget-container\">\n\t\t\t\t\t<div class=\"elementor-text-editor elementor-clearfix\"><div class=\"page\" title=\"Page 4\"><div class=\"section\"><div class=\"layoutArea\"><div class=\"column\"><p><em>The most important element of playing for me is to find a fine tone in the instrument. To be conscious of where to find that tone and how to produce it in one \u0301s playing is vital for me. <\/em><\/p><p><em>I would love to show a few examples of how to work with finding the violas particular deep sound and tone that is so special for this instrument.<\/em><\/p><\/div><p><em>\u00a0Quote from\u00a0 &#8220;12 tips f\u00f6r att bli en b\u00e4ttre altviolinist&#8221; by Linn Elvkull<\/em><\/p><\/div><\/div><\/div><\/div>\n\t\t\t\t<\/div>\n\t\t\t\t<\/div>\n\t\t\t\t\t\t<\/div>\n\t\t\t\t\t<\/div>\n\t\t<\/div>\n\t\t\t\t\t\t\t\t<\/div>\n\t\t\t\t\t<\/div>\n\t\t<\/section>\n\t\t\t\t<section class=\"elementor-section elementor-inner-section elementor-element elementor-element-43f6366 elementor-section-boxed elementor-section-height-default elementor-section-height-default\" data-id=\"43f6366\" data-element_type=\"section\">\n\t\t\t\t\t\t<div class=\"elementor-container elementor-column-gap-default\">\n\t\t\t\t\t\t\t<div class=\"elementor-row\">\n\t\t\t\t\t<div class=\"elementor-column elementor-col-50 elementor-inner-column elementor-element elementor-element-4fb171d\" data-id=\"4fb171d\" data-element_type=\"column\">\n\t\t\t<div class=\"elementor-column-wrap elementor-element-populated\">\n\t\t\t\t\t\t\t<div class=\"elementor-widget-wrap\">\n\t\t\t\t\t\t<div class=\"elementor-element elementor-element-ff55039 elementor-widget elementor-widget-heading\" data-id=\"ff55039\" data-element_type=\"widget\" data-widget_type=\"heading.default\">\n\t\t\t\t<div class=\"elementor-widget-container\">\n\t\t\t<h2 class=\"elementor-heading-title elementor-size-default\">PRISUPPGIFT LEKTIONER<\/h2>\t\t<\/div>\n\t\t\t\t<\/div>\n\t\t\t\t<div class=\"elementor-element elementor-element-14a036f elementor-widget__width-initial elementor-widget elementor-widget-text-editor\" data-id=\"14a036f\" data-element_type=\"widget\" data-widget_type=\"text-editor.default\">\n\t\t\t\t<div class=\"elementor-widget-container\">\n\t\t\t\t\t<div class=\"elementor-text-editor elementor-clearfix\"><p>Jag erbjuder enskilda violalektioner i \u00d6rebro.<\/p><div class=\"page\" title=\"Page 4\"><div class=\"section\"><div class=\"layoutArea\"><div class=\"column\"><p>Beho\u0308ver du hja\u0308lp info\u0308r provspelning eller vill du fortbilda dig? Jag erbjuder enskilda violalektioner pa\u030a plats eller via Zoom.<\/p><p><strong>Pris:<\/strong> 1 lektion, 60 minuter: 700 kr inkl moms<\/p><p>\u00a0<\/p><\/div><\/div><\/div><\/div><\/div>\n\t\t\t\t<\/div>\n\t\t\t\t<\/div>\n\t\t\t\t\t\t<\/div>\n\t\t\t\t\t<\/div>\n\t\t<\/div>\n\t\t\t\t<div class=\"elementor-column elementor-col-50 elementor-inner-column elementor-element elementor-element-e1e2bc7\" data-id=\"e1e2bc7\" data-element_type=\"column\">\n\t\t\t<div class=\"elementor-column-wrap elementor-element-populated\">\n\t\t\t\t\t\t\t<div class=\"elementor-widget-wrap\">\n\t\t\t\t\t\t<div class=\"elementor-element elementor-element-af2e9ab elementor-widget elementor-widget-heading\" data-id=\"af2e9ab\" data-element_type=\"widget\" data-widget_type=\"heading.default\">\n\t\t\t\t<div class=\"elementor-widget-container\">\n\t\t\t<h2 class=\"elementor-heading-title elementor-size-default\">INFORMATION ON LESSONS<\/h2>\t\t<\/div>\n\t\t\t\t<\/div>\n\t\t\t\t<div class=\"elementor-element elementor-element-2748569 elementor-widget__width-initial elementor-widget elementor-widget-text-editor\" data-id=\"2748569\" data-element_type=\"widget\" data-widget_type=\"text-editor.default\">\n\t\t\t\t<div class=\"elementor-widget-container\">\n\t\t\t\t\t<div class=\"elementor-text-editor elementor-clearfix\"><p>I offer individual violalessons in \u00d6rebro.<\/p><div class=\"page\" title=\"Page 4\"><div class=\"section\"><div class=\"layoutArea\"><div class=\"column\"><div class=\"page\" title=\"Page 4\"><div class=\"section\"><div class=\"layoutArea\"><div class=\"column\"><p>Do you need help with preparation for an audition and\/or are interested in taking lessons? I can offer individual lessons live or via Zoom.<\/p><p><strong>Price:<\/strong> 1 lesson, 60 minutes, 700 kr inc moms.<\/p><\/div><\/div><\/div><\/div><\/div><\/div><\/div><\/div><\/div>\n\t\t\t\t<\/div>\n\t\t\t\t<\/div>\n\t\t\t\t\t\t<\/div>\n\t\t\t\t\t<\/div>\n\t\t<\/div>\n\t\t\t\t\t\t\t\t<\/div>\n\t\t\t\t\t<\/div>\n\t\t<\/section>\n\t\t\t\t<section class=\"elementor-section elementor-inner-section elementor-element elementor-element-082f8c1 elementor-section-content-top elementor-section-boxed elementor-section-height-default elementor-section-height-default\" data-id=\"082f8c1\" data-element_type=\"section\">\n\t\t\t\t\t\t<div class=\"elementor-container elementor-column-gap-default\">\n\t\t\t\t\t\t\t<div class=\"elementor-row\">\n\t\t\t\t\t<div class=\"elementor-column elementor-col-100 elementor-inner-column elementor-element elementor-element-50f4aaa\" data-id=\"50f4aaa\" data-element_type=\"column\">\n\t\t\t<div class=\"elementor-column-wrap elementor-element-populated\">\n\t\t\t\t\t\t\t<div class=\"elementor-widget-wrap\">\n\t\t\t\t\t\t<div class=\"elementor-element elementor-element-256258a elementor-widget elementor-widget-spacer\" data-id=\"256258a\" data-element_type=\"widget\" data-widget_type=\"spacer.default\">\n\t\t\t\t<div class=\"elementor-widget-container\">\n\t\t\t\t\t<div class=\"elementor-spacer\">\n\t\t\t<div class=\"elementor-spacer-inner\"><\/div>\n\t\t<\/div>\n\t\t\t\t<\/div>\n\t\t\t\t<\/div>\n\t\t\t\t<div class=\"elementor-element elementor-element-a03d5a5 elementor-widget elementor-widget-heading\" data-id=\"a03d5a5\" data-element_type=\"widget\" data-widget_type=\"heading.default\">\n\t\t\t\t<div class=\"elementor-widget-container\">\n\t\t\t<h2 class=\"elementor-heading-title elementor-size-default\">VIDEOLEKTIONER<\/h2>\t\t<\/div>\n\t\t\t\t<\/div>\n\t\t\t\t<div class=\"elementor-element elementor-element-ef86ec1 elementor-aspect-ratio-169 elementor-widget elementor-widget-video\" data-id=\"ef86ec1\" data-element_type=\"widget\" data-settings=\"{&quot;aspect_ratio&quot;:&quot;169&quot;}\" data-widget_type=\"video.default\">\n\t\t\t\t<div class=\"elementor-widget-container\">\n\t\t\t\t\t<div class=\"elementor-wrapper elementor-fit-aspect-ratio elementor-open-inline\">\n\t\t\t<iframe class=\"elementor-video-iframe\" allowfullscreen title=\"youtube Video Player\" src=\"https:\/\/www.youtube.com\/embed\/Zu13HuCUeRA?feature=oembed&amp;start&amp;end&amp;wmode=opaque&amp;loop=0&amp;controls=1&amp;mute=0&amp;rel=0&amp;modestbranding=0\"><\/iframe>\t\t<\/div>\n\t\t\t\t<\/div>\n\t\t\t\t<\/div>\n\t\t\t\t<div class=\"elementor-element elementor-element-9882ca8 elementor-aspect-ratio-169 elementor-widget elementor-widget-video\" data-id=\"9882ca8\" data-element_type=\"widget\" data-settings=\"{&quot;aspect_ratio&quot;:&quot;169&quot;}\" data-widget_type=\"video.default\">\n\t\t\t\t<div class=\"elementor-widget-container\">\n\t\t\t\t\t<div class=\"elementor-wrapper elementor-fit-aspect-ratio elementor-open-inline\">\n\t\t\t<iframe class=\"elementor-video-iframe\" allowfullscreen title=\"youtube Video Player\" src=\"https:\/\/www.youtube.com\/embed\/Jw4qLOqGUa8?feature=oembed&amp;start&amp;end&amp;wmode=opaque&amp;loop=0&amp;controls=1&amp;mute=0&amp;rel=0&amp;modestbranding=0\"><\/iframe>\t\t<\/div>\n\t\t\t\t<\/div>\n\t\t\t\t<\/div>\n\t\t\t\t<div class=\"elementor-element elementor-element-5f0e64d elementor-aspect-ratio-169 elementor-widget elementor-widget-video\" data-id=\"5f0e64d\" data-element_type=\"widget\" data-settings=\"{&quot;aspect_ratio&quot;:&quot;169&quot;}\" data-widget_type=\"video.default\">\n\t\t\t\t<div class=\"elementor-widget-container\">\n\t\t\t\t\t<div class=\"elementor-wrapper elementor-fit-aspect-ratio elementor-open-inline\">\n\t\t\t<iframe class=\"elementor-video-iframe\" allowfullscreen title=\"youtube Video Player\" src=\"https:\/\/www.youtube.com\/embed\/kEX4bC8NLyI?feature=oembed&amp;start&amp;end&amp;wmode=opaque&amp;loop=0&amp;controls=1&amp;mute=0&amp;rel=0&amp;modestbranding=0\"><\/iframe>\t\t<\/div>\n\t\t\t\t<\/div>\n\t\t\t\t<\/div>\n\t\t\t\t<div class=\"elementor-element elementor-element-d0a4705 elementor-fixed elementor-widget elementor-widget-image\" data-id=\"d0a4705\" data-element_type=\"widget\" data-settings=\"{&quot;_position&quot;:&quot;fixed&quot;}\" data-widget_type=\"image.default\">\n\t\t\t\t<div class=\"elementor-widget-container\">\n\t\t\t\t\t<div class=\"elementor-image\">\n\t\t\t\t\t\t\t\t\t\t\t<a href=\"https:\/\/linnelvkull.se\/\">\n\t\t\t\t\t\t\t<img width=\"525\" height=\"535\" src=\"https:\/\/linnelvkull.se\/wp-content\/uploads\/2020\/09\/Resurs-3@300x-1004x1024.png\" class=\"attachment-large size-large\" alt=\"\" loading=\"lazy\" srcset=\"https:\/\/linnelvkull.se\/wp-content\/uploads\/2020\/09\/Resurs-3@300x-1004x1024.png 1004w, https:\/\/linnelvkull.se\/wp-content\/uploads\/2020\/09\/Resurs-3@300x-294x300.png 294w, https:\/\/linnelvkull.se\/wp-content\/uploads\/2020\/09\/Resurs-3@300x-768x783.png 768w, https:\/\/linnelvkull.se\/wp-content\/uploads\/2020\/09\/Resurs-3@300x-1506x1536.png 1506w, https:\/\/linnelvkull.se\/wp-content\/uploads\/2020\/09\/Resurs-3@300x-2008x2048.png 2008w\" sizes=\"100vw\" \/>\t\t\t\t\t\t\t\t<\/a>\n\t\t\t\t\t\t\t\t\t\t\t<\/div>\n\t\t\t\t<\/div>\n\t\t\t\t<\/div>\n\t\t\t\t<div class=\"elementor-element elementor-element-794268e elementor-widget elementor-widget-html\" data-id=\"794268e\" data-element_type=\"widget\" data-widget_type=\"html.default\">\n\t\t\t\t<div class=\"elementor-widget-container\">\n\t\t\t<style>\n    @import url(\"css\/style.css\");\n    body{\n        position:absolute;\n    \n       height:100%;\n    \n    }\n  \n    section{ \n        top:0;\n        bottom:0;\n        position: fixed;\n        overflow:;\n    }\n    \n     \/\/* main{ background-color: lightgrey;}*\/\/\n    \n    p {font-size: 9pt;\n    color: white; \n\n    }\n    td {border-bottom: 1px solid black;\n        border-top: none; border-bottom: 1px solid #000000; overflow: hidden; padding: 2px 3px; vertical-align: middle; font-family: 'PT Sans Narrow'; font-weight: normal;\"\n        font-size:10pt;\n    }\n  \n   header {height:0;\n       display:none;\n   }\n    h2{ color: black; }\n    \n    footer {display:none;\n        height:0;\n    }\n    \n    a {color:white;\n   \n    }\n   \n    a:hover {\n    color:black;\n             text-decoration: underline;\n    }\n    table {\n    \n        color:black;\n        font-size: 10pt;\n        font-family: PT Sans Narrow;\n    border-color: black;\n        border-top:none; border-bottom: 1px solid #000000;\n    }\n.spellista {\n    background-color:none;\n    column-fill: none;\n}\niframe {background-color: none;}\n\ntable {\n  border-collapse: collapse;\n}\n\nth{\n  border: 1px solid black;\n        font-size:10pt;\n\n    \n}\narticle {background-color: none;}\n.meny {background-color: none;\n    position: absolute;\n    height:100%;\n    color: black;\n}\n.1 {border-top: 1px solid #000000;}\n.meny {background-color: none;\n    position: absolute;\n    height:100%;\n    color: black;\n      top:5vw;\n\twidth: 100%;\n\n}\n\n<\/style>\n\n\t\t<\/div>\n\t\t\t\t<\/div>\n\t\t\t\t\t\t<\/div>\n\t\t\t\t\t<\/div>\n\t\t<\/div>\n\t\t\t\t\t\t\t\t<\/div>\n\t\t\t\t\t<\/div>\n\t\t<\/section>\n\t\t\t\t\t\t<\/div>\n\t\t\t\t\t<\/div>\n\t\t<\/div>\n\t\t\t\t\t\t\t\t<\/div>\n\t\t\t\t\t<\/div>\n\t\t<\/section>\n\t\t\t\t\t\t<\/div>\n\t\t\t\t\t\t<\/div>\n\t\t\t\t\t<\/div>\n\t\t","protected":false},"excerpt":{"rendered":"<p>OM NOTER &#038; INSPELNINGAR LEKTIONER F\u00d6REL\u00c4SNINGAR LEKTIONER F\u00f6r mig \u00e4r det oerh\u00f6rt viktigt att hitta en bra klang i instrumentet. Att bli medveten om VAR den klangen finns och HUR jag producerar den.\u00a0\u00a0 Jag vill g\u00e4rna visa ett par exempel p\u00e5 hur man kan jobba med klangen p\u00e5 violan s\u00e5 att man f\u00e5r fram den &hellip; <\/p>\n<p class=\"link-more\"><a href=\"https:\/\/linnelvkull.se\/?page_id=196\" class=\"more-link\">Continue reading<span class=\"screen-reader-text\"> &#8220;Videolektioner&#8221;<\/span><\/a><\/p>\n","protected":false},"author":2,"featured_media":0,"parent":19,"menu_order":0,"comment_status":"closed","ping_status":"closed","template":"elementor_header_footer","meta":[],"_links":{"self":[{"href":"https:\/\/linnelvkull.se\/index.php?rest_route=\/wp\/v2\/pages\/196"}],"collection":[{"href":"https:\/\/linnelvkull.se\/index.php?rest_route=\/wp\/v2\/pages"}],"about":[{"href":"https:\/\/linnelvkull.se\/index.php?rest_route=\/wp\/v2\/types\/page"}],"author":[{"embeddable":true,"href":"https:\/\/linnelvkull.se\/index.php?rest_route=\/wp\/v2\/users\/2"}],"replies":[{"embeddable":true,"href":"https:\/\/linnelvkull.se\/index.php?rest_route=%2Fwp%2Fv2%2Fcomments&post=196"}],"version-history":[{"count":43,"href":"https:\/\/linnelvkull.se\/index.php?rest_route=\/wp\/v2\/pages\/196\/revisions"}],"predecessor-version":[{"id":618,"href":"https:\/\/linnelvkull.se\/index.php?rest_route=\/wp\/v2\/pages\/196\/revisions\/618"}],"up":[{"embeddable":true,"href":"https:\/\/linnelvkull.se\/index.php?rest_route=\/wp\/v2\/pages\/19"}],"wp:attachment":[{"href":"https:\/\/linnelvkull.se\/index.php?rest_route=%2Fwp%2Fv2%2Fmedia&parent=196"}],"curies":[{"name":"wp","href":"https:\/\/api.w.org\/{rel}","templated":true}]}}