{"id":193,"date":"2020-09-24T14:42:26","date_gmt":"2020-09-24T14:42:26","guid":{"rendered":"https:\/\/linnelvkull.se\/?page_id=193"},"modified":"2022-01-08T19:04:15","modified_gmt":"2022-01-08T19:04:15","slug":"forelasningar","status":"publish","type":"page","link":"https:\/\/linnelvkull.se\/?page_id=193","title":{"rendered":"F\u00f6rel\u00e4sningar"},"content":{"rendered":"\t\t<div data-elementor-type=\"wp-page\" data-elementor-id=\"193\" class=\"elementor elementor-193\" data-elementor-settings=\"[]\">\n\t\t\t\t\t\t<div class=\"elementor-inner\">\n\t\t\t\t\t\t\t<div class=\"elementor-section-wrap\">\n\t\t\t\t\t\t\t<section class=\"elementor-section elementor-top-section elementor-element elementor-element-23d3bd7 elementor-section-content-top elementor-section-stretched elementor-section-boxed elementor-section-height-default elementor-section-height-default\" data-id=\"23d3bd7\" data-element_type=\"section\" data-settings=\"{&quot;stretch_section&quot;:&quot;section-stretched&quot;,&quot;background_background&quot;:&quot;classic&quot;}\">\n\t\t\t\t\t\t<div class=\"elementor-container elementor-column-gap-no\">\n\t\t\t\t\t\t\t<div class=\"elementor-row\">\n\t\t\t\t\t<div class=\"elementor-column elementor-col-100 elementor-top-column elementor-element elementor-element-ed9830f\" data-id=\"ed9830f\" data-element_type=\"column\">\n\t\t\t<div class=\"elementor-column-wrap elementor-element-populated\">\n\t\t\t\t\t\t\t<div class=\"elementor-widget-wrap\">\n\t\t\t\t\t\t<section class=\"elementor-section elementor-inner-section elementor-element elementor-element-0a416e6 elementor-section-height-min-height elementor-section-content-space-around meny elementor-section-boxed elementor-section-height-default\" data-id=\"0a416e6\" data-element_type=\"section\">\n\t\t\t\t\t\t\t<div class=\"elementor-background-overlay\"><\/div>\n\t\t\t\t\t\t\t<div class=\"elementor-container elementor-column-gap-default\">\n\t\t\t\t\t\t\t<div class=\"elementor-row\">\n\t\t\t\t\t<div class=\"elementor-column elementor-col-25 elementor-inner-column elementor-element elementor-element-c8b8e11\" data-id=\"c8b8e11\" data-element_type=\"column\">\n\t\t\t<div class=\"elementor-column-wrap elementor-element-populated\">\n\t\t\t\t\t\t\t<div class=\"elementor-widget-wrap\">\n\t\t\t\t\t\t<div class=\"elementor-element elementor-element-aa57b32 elementor-widget elementor-widget-heading\" data-id=\"aa57b32\" data-element_type=\"widget\" data-widget_type=\"heading.default\">\n\t\t\t\t<div class=\"elementor-widget-container\">\n\t\t\t<h2 class=\"elementor-heading-title elementor-size-default\"><a href=\"https:\/\/linnelvkull.se\/?page_id=208\">OM<\/a><\/h2>\t\t<\/div>\n\t\t\t\t<\/div>\n\t\t\t\t\t\t<\/div>\n\t\t\t\t\t<\/div>\n\t\t<\/div>\n\t\t\t\t<div class=\"elementor-column elementor-col-25 elementor-inner-column elementor-element elementor-element-ee9db34\" data-id=\"ee9db34\" data-element_type=\"column\">\n\t\t\t<div class=\"elementor-column-wrap elementor-element-populated\">\n\t\t\t\t\t\t\t<div class=\"elementor-widget-wrap\">\n\t\t\t\t\t\t<div class=\"elementor-element elementor-element-b4224d1 elementor-widget elementor-widget-heading\" data-id=\"b4224d1\" data-element_type=\"widget\" data-widget_type=\"heading.default\">\n\t\t\t\t<div class=\"elementor-widget-container\">\n\t\t\t<h2 class=\"elementor-heading-title elementor-size-default\"><a href=\"https:\/\/linnelvkull.se\/?page_id=22\">NOTER &amp; INSPELNINGAR<\/a><\/h2>\t\t<\/div>\n\t\t\t\t<\/div>\n\t\t\t\t\t\t<\/div>\n\t\t\t\t\t<\/div>\n\t\t<\/div>\n\t\t\t\t<div class=\"elementor-column elementor-col-25 elementor-inner-column elementor-element elementor-element-49c3970\" data-id=\"49c3970\" data-element_type=\"column\">\n\t\t\t<div class=\"elementor-column-wrap elementor-element-populated\">\n\t\t\t\t\t\t\t<div class=\"elementor-widget-wrap\">\n\t\t\t\t\t\t<div class=\"elementor-element elementor-element-9811792 elementor-widget elementor-widget-heading\" data-id=\"9811792\" data-element_type=\"widget\" data-widget_type=\"heading.default\">\n\t\t\t\t<div class=\"elementor-widget-container\">\n\t\t\t<h2 class=\"elementor-heading-title elementor-size-default\"><a href=\"https:\/\/linnelvkull.se\/?page_id=196\">LEKTIONER<\/a><\/h2>\t\t<\/div>\n\t\t\t\t<\/div>\n\t\t\t\t\t\t<\/div>\n\t\t\t\t\t<\/div>\n\t\t<\/div>\n\t\t\t\t<div class=\"elementor-column elementor-col-25 elementor-inner-column elementor-element elementor-element-a44e513\" data-id=\"a44e513\" data-element_type=\"column\">\n\t\t\t<div class=\"elementor-column-wrap elementor-element-populated\">\n\t\t\t\t\t\t\t<div class=\"elementor-widget-wrap\">\n\t\t\t\t\t\t<div class=\"elementor-element elementor-element-8fe91fd elementor-widget elementor-widget-heading\" data-id=\"8fe91fd\" data-element_type=\"widget\" data-widget_type=\"heading.default\">\n\t\t\t\t<div class=\"elementor-widget-container\">\n\t\t\t<h2 class=\"elementor-heading-title elementor-size-default\"><a href=\"https:\/\/linnelvkull.se\/?page_id=193\">F\u00d6REL\u00c4SNINGAR<\/a><\/h2>\t\t<\/div>\n\t\t\t\t<\/div>\n\t\t\t\t\t\t<\/div>\n\t\t\t\t\t<\/div>\n\t\t<\/div>\n\t\t\t\t\t\t\t\t<\/div>\n\t\t\t\t\t<\/div>\n\t\t<\/section>\n\t\t\t\t<section class=\"elementor-section elementor-inner-section elementor-element elementor-element-4556290 elementor-reverse-mobile elementor-section-boxed elementor-section-height-default elementor-section-height-default\" data-id=\"4556290\" data-element_type=\"section\">\n\t\t\t\t\t\t<div class=\"elementor-container elementor-column-gap-wider\">\n\t\t\t\t\t\t\t<div class=\"elementor-row\">\n\t\t\t\t\t<div class=\"elementor-column elementor-col-50 elementor-inner-column elementor-element elementor-element-cf98fb1\" data-id=\"cf98fb1\" data-element_type=\"column\">\n\t\t\t<div class=\"elementor-column-wrap elementor-element-populated\">\n\t\t\t\t\t\t\t<div class=\"elementor-widget-wrap\">\n\t\t\t\t\t\t<div class=\"elementor-element elementor-element-2c2ea77 elementor-hidden-phone elementor-widget elementor-widget-spacer\" data-id=\"2c2ea77\" data-element_type=\"widget\" data-widget_type=\"spacer.default\">\n\t\t\t\t<div class=\"elementor-widget-container\">\n\t\t\t\t\t<div class=\"elementor-spacer\">\n\t\t\t<div class=\"elementor-spacer-inner\"><\/div>\n\t\t<\/div>\n\t\t\t\t<\/div>\n\t\t\t\t<\/div>\n\t\t\t\t<div class=\"elementor-element elementor-element-c444505 elementor-widget elementor-widget-heading\" data-id=\"c444505\" data-element_type=\"widget\" data-widget_type=\"heading.default\">\n\t\t\t\t<div class=\"elementor-widget-container\">\n\t\t\t<h2 class=\"elementor-heading-title elementor-size-default\">DEN KLASSISKA ORKESTERN<\/h2>\t\t<\/div>\n\t\t\t\t<\/div>\n\t\t\t\t<div class=\"elementor-element elementor-element-89b973f elementor-widget elementor-widget-text-editor\" data-id=\"89b973f\" data-element_type=\"widget\" data-widget_type=\"text-editor.default\">\n\t\t\t\t<div class=\"elementor-widget-container\">\n\t\t\t\t\t<div class=\"elementor-text-editor elementor-clearfix\"><p>Hur fungerar en orkester, hur f\u00e5r man jobb och vad g\u00f6r musikerna p\u00e5 dagarna?\u00a0<\/p><p>Linn ber\u00e4ttar p\u00e5 ett pedagogiskt och f\u00e4ngslande\u00a0\u00a0s\u00e4tt hur orkestern fungerar, vilka instrument det finns, varf\u00f6r man g\u00f6r upp- eller nerstr\u00e5k och skillnaden mellan orkester och kammarmusik. Vi lyssnar p\u00e5 olika slags musik inspelad av Svenska Kammarorkestern.<\/p><p>Kombinera g\u00e4rna med ett bes\u00f6k under en repetition med\u00a0\u00a0Svenska Kammarorkestern: \u201dMitt i musiken\u201d.\u00a0<\/p><p>Tid: ca. 45-60 minuter.<\/p><p>________________________________________<\/p><\/div>\n\t\t\t\t<\/div>\n\t\t\t\t<\/div>\n\t\t\t\t<div class=\"elementor-element elementor-element-c2f8b80 elementor-widget elementor-widget-heading\" data-id=\"c2f8b80\" data-element_type=\"widget\" data-widget_type=\"heading.default\">\n\t\t\t\t<div class=\"elementor-widget-container\">\n\t\t\t<h2 class=\"elementor-heading-title elementor-size-default\">FR\u00c5N FORNTID TILL FR\u00d6ST<\/h2>\t\t<\/div>\n\t\t\t\t<\/div>\n\t\t\t\t<div class=\"elementor-element elementor-element-036f9be elementor-widget elementor-widget-text-editor\" data-id=\"036f9be\" data-element_type=\"widget\" data-widget_type=\"text-editor.default\">\n\t\t\t\t<div class=\"elementor-widget-container\">\n\t\t\t\t\t<div class=\"elementor-text-editor elementor-clearfix\"><p>Musikhistoria fr\u00e5n medeltid till nutid, kryddad med personliga erfarenheter och musik inspelad av Svenska Kammarorkestern.\u00a0\u00a0Kursen \u00e4r 5 tillf\u00e4llen om 2*45 minuter. Vi g\u00e5r igenom musikhistorien fr\u00e5n medeltid till nutid p\u00e5 ett l\u00e4ttsamt s\u00e4tt, med musikexempel och bilder som visar vad som h\u00e4nde i v\u00e4rlden vid samma tid, med konsten och samh\u00e4llsutvecklingen.\u00a0<\/p><p>Vid samtliga kurstillf\u00e4llen erbjuds tidsenligt fika med sm\u00f6rg\u00e5s, kaka och kaffe.\u00a0<\/p><p>________________________________________<\/p><\/div>\n\t\t\t\t<\/div>\n\t\t\t\t<\/div>\n\t\t\t\t<div class=\"elementor-element elementor-element-9157249 elementor-widget elementor-widget-heading\" data-id=\"9157249\" data-element_type=\"widget\" data-widget_type=\"heading.default\">\n\t\t\t\t<div class=\"elementor-widget-container\">\n\t\t\t<h2 class=\"elementor-heading-title elementor-size-default\">KVINNORS MUSIK<\/h2>\t\t<\/div>\n\t\t\t\t<\/div>\n\t\t\t\t<div class=\"elementor-element elementor-element-2700085 elementor-widget elementor-widget-text-editor\" data-id=\"2700085\" data-element_type=\"widget\" data-widget_type=\"text-editor.default\">\n\t\t\t\t<div class=\"elementor-widget-container\">\n\t\t\t\t\t<div class=\"elementor-text-editor elementor-clearfix\"><p>V\u00e4gen till den j\u00e4mst\u00e4llda konserten.\u00a0<\/p><p>Musikhistoria fr\u00e5n medeltid till nutid med kvinnors musik i fokus.\u00a0<\/p><p>Kursen \u00e4r 3 tillf\u00e4llen om 2*45 minuter. Vid samtliga tillf\u00e4llen erbjuds tidsenligt fika med sm\u00f6rg\u00e5s, kaka och kaffe.<\/p><p>________________________________________<\/p><\/div>\n\t\t\t\t<\/div>\n\t\t\t\t<\/div>\n\t\t\t\t\t\t<\/div>\n\t\t\t\t\t<\/div>\n\t\t<\/div>\n\t\t\t\t<div class=\"elementor-column elementor-col-50 elementor-inner-column elementor-element elementor-element-36b4a37\" data-id=\"36b4a37\" data-element_type=\"column\">\n\t\t\t<div class=\"elementor-column-wrap elementor-element-populated\">\n\t\t\t\t\t\t\t<div class=\"elementor-widget-wrap\">\n\t\t\t\t\t\t<div class=\"elementor-element elementor-element-f651bc9 elementor-widget elementor-widget-spacer\" data-id=\"f651bc9\" data-element_type=\"widget\" data-widget_type=\"spacer.default\">\n\t\t\t\t<div class=\"elementor-widget-container\">\n\t\t\t\t\t<div class=\"elementor-spacer\">\n\t\t\t<div class=\"elementor-spacer-inner\"><\/div>\n\t\t<\/div>\n\t\t\t\t<\/div>\n\t\t\t\t<\/div>\n\t\t\t\t<div class=\"elementor-element elementor-element-1e4ad1f elementor-widget elementor-widget-heading\" data-id=\"1e4ad1f\" data-element_type=\"widget\" data-widget_type=\"heading.default\">\n\t\t\t\t<div class=\"elementor-widget-container\">\n\t\t\t<h2 class=\"elementor-heading-title elementor-size-default\">INSPIRATIONSDAG F\u00d6R VIOLA<\/h2>\t\t<\/div>\n\t\t\t\t<\/div>\n\t\t\t\t<div class=\"elementor-element elementor-element-69f71bd elementor-widget elementor-widget-text-editor\" data-id=\"69f71bd\" data-element_type=\"widget\" data-widget_type=\"text-editor.default\">\n\t\t\t\t<div class=\"elementor-widget-container\">\n\t\t\t\t\t<div class=\"elementor-text-editor elementor-clearfix\"><p class=\"p1\">V\u00e4lkommen att uppt\u00e4cka en del av min samling musik f\u00f6r viola, fr\u00e5n nyb\u00f6rjarniv\u00e5 till mer avancerad niv\u00e5, till elever eller kanske till dig sj\u00e4lv att spela och njuta av!<span class=\"Apple-converted-space\">\u00a0 \u00a0 \u00a0<\/span><\/p><p class=\"p1\">Jag har samlat all musik jag har anv\u00e4nt sj\u00e4lv, tittat i bibliotek, s\u00f6kt p\u00e5 n\u00e4tet samt f\u00e5tt musik av v\u00e4nner och kollegor, stort tack till Anna Braw och Kate Pelly som har hj\u00e4lpt mig med m\u00e5nga vackra stycken. Jag har spelat allt och valt ut de stycken som jag tycker passar bra f\u00f6r violans speciella klang och som ber\u00e4ttar n\u00e5got, \u00e4ven om de \u00e4r enkla. Jag har valt musik av b\u00e5de manliga och kvinnliga tons\u00e4ttare, fr\u00e5n olika l\u00e4nder, gammal och nyskriven musik.<\/p><div>Jag har tillsammans med pianisten Ingrid Misgeld spelat in 110 av styckena jag presenterar, de finns tillg\u00e4ngliga p\u00e5 <span style=\"text-decoration: underline;\"><a href=\"https:\/\/soundcloud.com\/linn-elvkull\/sets\/music-for-viola-different-levels\">Soundcloud<\/a><\/span>.<\/div><div>\u00a0<\/div><div><p>Program:<br \/>1. Presentation<\/p><p class=\"p1\">2. Ergonomi<br \/>3. Repertoar<br \/>4. Lunch<br \/>5. Repertoar<br \/>6. Samtal om motivation<br \/>7. B\u00e4sta \u00f6vningen<br \/>8. Fika<br \/>9. Kammarmusik<br \/>10. Spontan konsert<\/p><\/div><div><p>________________________________________<\/p><\/div><\/div>\n\t\t\t\t<\/div>\n\t\t\t\t<\/div>\n\t\t\t\t\t\t<\/div>\n\t\t\t\t\t<\/div>\n\t\t<\/div>\n\t\t\t\t\t\t\t\t<\/div>\n\t\t\t\t\t<\/div>\n\t\t<\/section>\n\t\t\t\t<section class=\"elementor-section elementor-inner-section elementor-element elementor-element-082f8c1 elementor-section-content-top elementor-section-boxed elementor-section-height-default elementor-section-height-default\" data-id=\"082f8c1\" data-element_type=\"section\">\n\t\t\t\t\t\t<div class=\"elementor-container elementor-column-gap-default\">\n\t\t\t\t\t\t\t<div class=\"elementor-row\">\n\t\t\t\t\t<div class=\"elementor-column elementor-col-100 elementor-inner-column elementor-element elementor-element-50f4aaa\" data-id=\"50f4aaa\" data-element_type=\"column\">\n\t\t\t<div class=\"elementor-column-wrap elementor-element-populated\">\n\t\t\t\t\t\t\t<div class=\"elementor-widget-wrap\">\n\t\t\t\t\t\t<div class=\"elementor-element elementor-element-d0a4705 elementor-fixed elementor-widget-mobile__width-initial elementor-widget elementor-widget-image\" data-id=\"d0a4705\" data-element_type=\"widget\" data-settings=\"{&quot;_position&quot;:&quot;fixed&quot;}\" data-widget_type=\"image.default\">\n\t\t\t\t<div class=\"elementor-widget-container\">\n\t\t\t\t\t<div class=\"elementor-image\">\n\t\t\t\t\t\t\t\t\t\t\t<a href=\"https:\/\/linnelvkull.se\/\">\n\t\t\t\t\t\t\t<img width=\"525\" height=\"535\" src=\"https:\/\/linnelvkull.se\/wp-content\/uploads\/2020\/09\/Resurs-3@300x-1004x1024.png\" class=\"attachment-large size-large\" alt=\"\" loading=\"lazy\" srcset=\"https:\/\/linnelvkull.se\/wp-content\/uploads\/2020\/09\/Resurs-3@300x-1004x1024.png 1004w, https:\/\/linnelvkull.se\/wp-content\/uploads\/2020\/09\/Resurs-3@300x-294x300.png 294w, https:\/\/linnelvkull.se\/wp-content\/uploads\/2020\/09\/Resurs-3@300x-768x783.png 768w, https:\/\/linnelvkull.se\/wp-content\/uploads\/2020\/09\/Resurs-3@300x-1506x1536.png 1506w, https:\/\/linnelvkull.se\/wp-content\/uploads\/2020\/09\/Resurs-3@300x-2008x2048.png 2008w\" sizes=\"100vw\" \/>\t\t\t\t\t\t\t\t<\/a>\n\t\t\t\t\t\t\t\t\t\t\t<\/div>\n\t\t\t\t<\/div>\n\t\t\t\t<\/div>\n\t\t\t\t<div class=\"elementor-element elementor-element-794268e elementor-widget elementor-widget-html\" data-id=\"794268e\" data-element_type=\"widget\" data-widget_type=\"html.default\">\n\t\t\t\t<div class=\"elementor-widget-container\">\n\t\t\t<style>\n    @import url(\"css\/style.css\");\n    body{\n        position:absolute;\n       height:100%;\n    \n    }\n  \n    section{ \n        top:0;\n        bottom:0;\n        position: fixed;\n       \n    }\n    \n     \/\/* main{ background-color: lightgrey;}*\/\/\n    \n    p {font-size: 9pt;\n    color: white; \n\n    }\n    td {border-bottom: 1px solid black;\n        border-top: none; border-bottom: 1px solid #000000; overflow: hidden; padding: 2px 3px; vertical-align: middle; font-family: 'PT Sans Narrow'; font-weight: normal;\"\n        font-size:10pt;\n    }\n  \n   header {height:0;\n       display:none;\n   }\n    h2{ color: black; }\n    \n    footer {display:none;\n        height:0;\n    }\n    \n    a {color:black;\n        text-decoration: none;\n        z-index: 250;\n    }\n   \n    a:hover {\n    color:black;\n          text-decoration: underline;\n    }\n    table {\n    \n        color:black;\n        font-size: 10pt;\n        font-family: PT Sans Narrow;\n    border-color: black;\n        border-top:none; border-bottom: 1px solid #000000;\n    }\n.spellista {\n    background-color:none;\n    column-fill: none;\n}\niframe {background-color: none;}\n\ntable {\n  border-collapse: collapse;\n}\n\nth{\n  border: 1px solid black;\n        font-size:10pt;\n\n    \n}\narticle {background-color: none;}\n.meny {background-color: none;\n    position: absolute;\n    top:5vw;\n\twidth: 100%;\n\n}\n\n\n.1 {border-top: 1px solid #000000;}\n\n\n<\/style>\n\n\t\t<\/div>\n\t\t\t\t<\/div>\n\t\t\t\t\t\t<\/div>\n\t\t\t\t\t<\/div>\n\t\t<\/div>\n\t\t\t\t\t\t\t\t<\/div>\n\t\t\t\t\t<\/div>\n\t\t<\/section>\n\t\t\t\t\t\t<\/div>\n\t\t\t\t\t<\/div>\n\t\t<\/div>\n\t\t\t\t\t\t\t\t<\/div>\n\t\t\t\t\t<\/div>\n\t\t<\/section>\n\t\t\t\t\t\t<\/div>\n\t\t\t\t\t\t<\/div>\n\t\t\t\t\t<\/div>\n\t\t","protected":false},"excerpt":{"rendered":"<p>OM NOTER &amp; INSPELNINGAR LEKTIONER F\u00d6REL\u00c4SNINGAR DEN KLASSISKA ORKESTERN Hur fungerar en orkester, hur f\u00e5r man jobb och vad g\u00f6r musikerna p\u00e5 dagarna?\u00a0 Linn ber\u00e4ttar p\u00e5 ett pedagogiskt och f\u00e4ngslande\u00a0\u00a0s\u00e4tt hur orkestern fungerar, vilka instrument det finns, varf\u00f6r man g\u00f6r upp- eller nerstr\u00e5k och skillnaden mellan orkester och kammarmusik. Vi lyssnar p\u00e5 olika slags musik &hellip; <\/p>\n<p class=\"link-more\"><a href=\"https:\/\/linnelvkull.se\/?page_id=193\" class=\"more-link\">Continue reading<span class=\"screen-reader-text\"> &#8220;F\u00f6rel\u00e4sningar&#8221;<\/span><\/a><\/p>\n","protected":false},"author":2,"featured_media":0,"parent":19,"menu_order":0,"comment_status":"closed","ping_status":"closed","template":"elementor_header_footer","meta":[],"_links":{"self":[{"href":"https:\/\/linnelvkull.se\/index.php?rest_route=\/wp\/v2\/pages\/193"}],"collection":[{"href":"https:\/\/linnelvkull.se\/index.php?rest_route=\/wp\/v2\/pages"}],"about":[{"href":"https:\/\/linnelvkull.se\/index.php?rest_route=\/wp\/v2\/types\/page"}],"author":[{"embeddable":true,"href":"https:\/\/linnelvkull.se\/index.php?rest_route=\/wp\/v2\/users\/2"}],"replies":[{"embeddable":true,"href":"https:\/\/linnelvkull.se\/index.php?rest_route=%2Fwp%2Fv2%2Fcomments&post=193"}],"version-history":[{"count":43,"href":"https:\/\/linnelvkull.se\/index.php?rest_route=\/wp\/v2\/pages\/193\/revisions"}],"predecessor-version":[{"id":633,"href":"https:\/\/linnelvkull.se\/index.php?rest_route=\/wp\/v2\/pages\/193\/revisions\/633"}],"up":[{"embeddable":true,"href":"https:\/\/linnelvkull.se\/index.php?rest_route=\/wp\/v2\/pages\/19"}],"wp:attachment":[{"href":"https:\/\/linnelvkull.se\/index.php?rest_route=%2Fwp%2Fv2%2Fmedia&parent=193"}],"curies":[{"name":"wp","href":"https:\/\/api.w.org\/{rel}","templated":true}]}}